{"id":510,"date":"2025-03-04T10:36:28","date_gmt":"2025-03-04T10:36:28","guid":{"rendered":"https:\/\/radstock.org\/testi-i-perkthimit-te-elementeve\/"},"modified":"2025-03-04T16:44:54","modified_gmt":"2025-03-04T16:44:54","slug":"testi-i-perkthimit-te-elementeve","status":"publish","type":"page","link":"https:\/\/radstock.org\/sq\/testi-i-perkthimit-te-elementeve\/","title":{"rendered":"Testi i p\u00ebrkthimit t\u00eb elementeve"},"content":{"rendered":"\t\t<div data-elementor-type=\"wp-page\" data-elementor-id=\"510\" class=\"elementor elementor-510 elementor-505\" data-elementor-post-type=\"page\">\n\t\t\t\t<div class=\"elementor-element elementor-element-ac90163 e-flex e-con-boxed e-con e-parent\" data-id=\"ac90163\" data-element_type=\"container\" data-e-type=\"container\">\n\t\t\t\t\t<div class=\"e-con-inner\">\n\t\t\t\t<div class=\"elementor-element elementor-element-9f7a99f elementor-widget elementor-widget-heading\" data-id=\"9f7a99f\" data-element_type=\"widget\" data-e-type=\"widget\" data-widget_type=\"heading.default\">\n\t\t\t\t<div class=\"elementor-widget-container\">\n\t\t\t\t\t<h2 class=\"elementor-heading-title elementor-size-default\">Mir\u00eb se vini n\u00eb faqen ton\u00eb t\u00eb internetit<\/h2>\t\t\t\t<\/div>\n\t\t\t\t<\/div>\n\t\t\t\t<div class=\"elementor-element elementor-element-9f7e081 elementor-widget elementor-widget-text-editor\" data-id=\"9f7e081\" data-element_type=\"widget\" data-e-type=\"widget\" data-widget_type=\"text-editor.default\">\n\t\t\t\t<div class=\"elementor-widget-container\">\n\t\t\t\t\t\t\t\t\t<p>Ne do t\u00eb hapim nj\u00eb uebsajt t\u00eb ri n\u00eb 2025 me ve\u00e7ori shtes\u00eb dhe nj\u00eb pamje t\u00eb re. Deri at\u00ebher\u00eb ju mund t\u00eb gjeni informacionin ton\u00eb thelb\u00ebsor k\u00ebtu, duke p\u00ebrfshir\u00eb lidhjet p\u00ebr t\u00eb dh\u00ebn\u00eb dhe mund\u00ebsin\u00eb p\u00ebr t&#8217;u regjistruar n\u00eb Rapport, buletinin ton\u00eb elektronik. N\u00ebse d\u00ebshironi t\u00eb na kontaktoni, ju lutemi d\u00ebrgoni email n\u00eb hello@radstock.org<\/p>\n\t\t\t\t\t\t\t\t<\/div>\n\t\t\t\t<\/div>\n\t\t\t\t<div class=\"elementor-element elementor-element-5015943 elementor-widget elementor-widget-button\" data-id=\"5015943\" data-element_type=\"widget\" data-e-type=\"widget\" data-widget_type=\"button.default\">\n\t\t\t\t<div class=\"elementor-widget-container\">\n\t\t\t\t\t\t\t\t\t<div class=\"elementor-button-wrapper\">\n\t\t\t\t\t<a class=\"elementor-button elementor-button-link elementor-size-sm\" href=\"#\">\n\t\t\t\t\t\t<span class=\"elementor-button-content-wrapper\">\n\t\t\t\t\t\t\t\t\t<span class=\"elementor-button-text\">Kontaktoni<\/span>\n\t\t\t\t\t<\/span>\n\t\t\t\t\t<\/a>\n\t\t\t\t<\/div>\n\t\t\t\t\t\t\t\t<\/div>\n\t\t\t\t<\/div>\n\t\t\t\t\t<\/div>\n\t\t\t\t<\/div>\n\t\t\t\t<\/div>\n\t\t","protected":false},"excerpt":{"rendered":"<p>Mir\u00eb se vini n\u00eb faqen ton\u00eb t\u00eb internetit Ne do t\u00eb hapim nj\u00eb uebsajt t\u00eb ri n\u00eb 2025 me ve\u00e7ori shtes\u00eb dhe nj\u00eb pamje t\u00eb re. Deri at\u00ebher\u00eb ju mund t\u00eb gjeni informacionin ton\u00eb thelb\u00ebsor k\u00ebtu, duke p\u00ebrfshir\u00eb lidhjet p\u00ebr t\u00eb dh\u00ebn\u00eb dhe mund\u00ebsin\u00eb p\u00ebr t&#8217;u regjistruar n\u00eb Rapport, buletinin ton\u00eb elektronik. N\u00ebse d\u00ebshironi t\u00eb [&hellip;]<\/p>\n","protected":false},"author":2,"featured_media":0,"parent":0,"menu_order":0,"comment_status":"closed","ping_status":"closed","template":"","meta":{"_monsterinsights_skip_tracking":false,"_monsterinsights_sitenote_active":false,"_monsterinsights_sitenote_note":"","_monsterinsights_sitenote_category":0,"footnotes":""},"class_list":["post-510","page","type-page","status-publish","hentry"],"yoast_head":"<!-- This site is optimized with the Yoast SEO plugin v27.5 - https:\/\/yoast.com\/product\/yoast-seo-wordpress\/ -->\n<title>Testi i p\u00ebrkthimit t\u00eb elementeve - Radstock Network<\/title>\n<meta name=\"robots\" content=\"index, follow, max-snippet:-1, max-image-preview:large, max-video-preview:-1\" \/>\n<link rel=\"canonical\" href=\"https:\/\/radstock.org\/sq\/testi-i-perkthimit-te-elementeve\/\" \/>\n<meta property=\"og:locale\" content=\"sq_AL\" \/>\n<meta property=\"og:type\" content=\"article\" \/>\n<meta property=\"og:title\" content=\"Testi i p\u00ebrkthimit t\u00eb elementeve - Radstock Network\" \/>\n<meta property=\"og:description\" content=\"Mir\u00eb se vini n\u00eb faqen ton\u00eb t\u00eb internetit Ne do t\u00eb hapim nj\u00eb uebsajt t\u00eb ri n\u00eb 2025 me ve\u00e7ori shtes\u00eb dhe nj\u00eb pamje t\u00eb re. Deri at\u00ebher\u00eb ju mund t\u00eb gjeni informacionin ton\u00eb thelb\u00ebsor k\u00ebtu, duke p\u00ebrfshir\u00eb lidhjet p\u00ebr t\u00eb dh\u00ebn\u00eb dhe mund\u00ebsin\u00eb p\u00ebr t&#8217;u regjistruar n\u00eb Rapport, buletinin ton\u00eb elektronik. N\u00ebse d\u00ebshironi t\u00eb [&hellip;]\" \/>\n<meta property=\"og:url\" content=\"https:\/\/radstock.org\/sq\/testi-i-perkthimit-te-elementeve\/\" \/>\n<meta property=\"og:site_name\" content=\"Radstock Network\" \/>\n<meta property=\"article:publisher\" content=\"https:\/\/www.facebook.com\/radstocknetwork\/\" \/>\n<meta property=\"article:modified_time\" content=\"2025-03-04T16:44:54+00:00\" \/>\n<meta name=\"twitter:card\" content=\"summary_large_image\" \/>\n<meta name=\"twitter:site\" content=\"@RadstockNetwork\" \/>\n<script type=\"application\/ld+json\" class=\"yoast-schema-graph\">{\"@context\":\"https:\\\/\\\/schema.org\",\"@graph\":[{\"@type\":\"WebPage\",\"@id\":\"https:\\\/\\\/radstock.org\\\/sq\\\/testi-i-perkthimit-te-elementeve\\\/\",\"url\":\"https:\\\/\\\/radstock.org\\\/sq\\\/testi-i-perkthimit-te-elementeve\\\/\",\"name\":\"Testi i p\u00ebrkthimit t\u00eb elementeve - Radstock Network\",\"isPartOf\":{\"@id\":\"https:\\\/\\\/radstock.org\\\/sq\\\/#website\"},\"datePublished\":\"2025-03-04T10:36:28+00:00\",\"dateModified\":\"2025-03-04T16:44:54+00:00\",\"breadcrumb\":{\"@id\":\"https:\\\/\\\/radstock.org\\\/sq\\\/testi-i-perkthimit-te-elementeve\\\/#breadcrumb\"},\"inLanguage\":\"sq-AL\",\"potentialAction\":[{\"@type\":\"ReadAction\",\"target\":[\"https:\\\/\\\/radstock.org\\\/sq\\\/testi-i-perkthimit-te-elementeve\\\/\"]}]},{\"@type\":\"BreadcrumbList\",\"@id\":\"https:\\\/\\\/radstock.org\\\/sq\\\/testi-i-perkthimit-te-elementeve\\\/#breadcrumb\",\"itemListElement\":[{\"@type\":\"ListItem\",\"position\":1,\"name\":\"Home\",\"item\":\"https:\\\/\\\/radstock.org\\\/sq\\\/\"},{\"@type\":\"ListItem\",\"position\":2,\"name\":\"Testi i p\u00ebrkthimit t\u00eb elementeve\"}]},{\"@type\":\"WebSite\",\"@id\":\"https:\\\/\\\/radstock.org\\\/sq\\\/#website\",\"url\":\"https:\\\/\\\/radstock.org\\\/sq\\\/\",\"name\":\"Radstock Network\",\"description\":\"A global network of churches connected for mission\",\"publisher\":{\"@id\":\"https:\\\/\\\/radstock.org\\\/sq\\\/#organization\"},\"potentialAction\":[{\"@type\":\"SearchAction\",\"target\":{\"@type\":\"EntryPoint\",\"urlTemplate\":\"https:\\\/\\\/radstock.org\\\/sq\\\/?s={search_term_string}\"},\"query-input\":{\"@type\":\"PropertyValueSpecification\",\"valueRequired\":true,\"valueName\":\"search_term_string\"}}],\"inLanguage\":\"sq-AL\"},{\"@type\":\"Organization\",\"@id\":\"https:\\\/\\\/radstock.org\\\/sq\\\/#organization\",\"name\":\"Radstock Network\",\"url\":\"https:\\\/\\\/radstock.org\\\/sq\\\/\",\"logo\":{\"@type\":\"ImageObject\",\"inLanguage\":\"sq-AL\",\"@id\":\"https:\\\/\\\/radstock.org\\\/sq\\\/#\\\/schema\\\/logo\\\/image\\\/\",\"url\":\"https:\\\/\\\/radstock.org\\\/wp-content\\\/uploads\\\/2024\\\/12\\\/cropped-Radstock-Logo-Icon-01.png\",\"contentUrl\":\"https:\\\/\\\/radstock.org\\\/wp-content\\\/uploads\\\/2024\\\/12\\\/cropped-Radstock-Logo-Icon-01.png\",\"width\":512,\"height\":512,\"caption\":\"Radstock Network\"},\"image\":{\"@id\":\"https:\\\/\\\/radstock.org\\\/sq\\\/#\\\/schema\\\/logo\\\/image\\\/\"},\"sameAs\":[\"https:\\\/\\\/www.facebook.com\\\/radstocknetwork\\\/\",\"https:\\\/\\\/x.com\\\/RadstockNetwork\"]}]}<\/script>\n<!-- \/ Yoast SEO plugin. -->","yoast_head_json":{"title":"Testi i p\u00ebrkthimit t\u00eb elementeve - Radstock Network","robots":{"index":"index","follow":"follow","max-snippet":"max-snippet:-1","max-image-preview":"max-image-preview:large","max-video-preview":"max-video-preview:-1"},"canonical":"https:\/\/radstock.org\/sq\/testi-i-perkthimit-te-elementeve\/","og_locale":"sq_AL","og_type":"article","og_title":"Testi i p\u00ebrkthimit t\u00eb elementeve - Radstock Network","og_description":"Mir\u00eb se vini n\u00eb faqen ton\u00eb t\u00eb internetit Ne do t\u00eb hapim nj\u00eb uebsajt t\u00eb ri n\u00eb 2025 me ve\u00e7ori shtes\u00eb dhe nj\u00eb pamje t\u00eb re. Deri at\u00ebher\u00eb ju mund t\u00eb gjeni informacionin ton\u00eb thelb\u00ebsor k\u00ebtu, duke p\u00ebrfshir\u00eb lidhjet p\u00ebr t\u00eb dh\u00ebn\u00eb dhe mund\u00ebsin\u00eb p\u00ebr t&#8217;u regjistruar n\u00eb Rapport, buletinin ton\u00eb elektronik. N\u00ebse d\u00ebshironi t\u00eb [&hellip;]","og_url":"https:\/\/radstock.org\/sq\/testi-i-perkthimit-te-elementeve\/","og_site_name":"Radstock Network","article_publisher":"https:\/\/www.facebook.com\/radstocknetwork\/","article_modified_time":"2025-03-04T16:44:54+00:00","twitter_card":"summary_large_image","twitter_site":"@RadstockNetwork","schema":{"@context":"https:\/\/schema.org","@graph":[{"@type":"WebPage","@id":"https:\/\/radstock.org\/sq\/testi-i-perkthimit-te-elementeve\/","url":"https:\/\/radstock.org\/sq\/testi-i-perkthimit-te-elementeve\/","name":"Testi i p\u00ebrkthimit t\u00eb elementeve - Radstock Network","isPartOf":{"@id":"https:\/\/radstock.org\/sq\/#website"},"datePublished":"2025-03-04T10:36:28+00:00","dateModified":"2025-03-04T16:44:54+00:00","breadcrumb":{"@id":"https:\/\/radstock.org\/sq\/testi-i-perkthimit-te-elementeve\/#breadcrumb"},"inLanguage":"sq-AL","potentialAction":[{"@type":"ReadAction","target":["https:\/\/radstock.org\/sq\/testi-i-perkthimit-te-elementeve\/"]}]},{"@type":"BreadcrumbList","@id":"https:\/\/radstock.org\/sq\/testi-i-perkthimit-te-elementeve\/#breadcrumb","itemListElement":[{"@type":"ListItem","position":1,"name":"Home","item":"https:\/\/radstock.org\/sq\/"},{"@type":"ListItem","position":2,"name":"Testi i p\u00ebrkthimit t\u00eb elementeve"}]},{"@type":"WebSite","@id":"https:\/\/radstock.org\/sq\/#website","url":"https:\/\/radstock.org\/sq\/","name":"Radstock Network","description":"A global network of churches connected for mission","publisher":{"@id":"https:\/\/radstock.org\/sq\/#organization"},"potentialAction":[{"@type":"SearchAction","target":{"@type":"EntryPoint","urlTemplate":"https:\/\/radstock.org\/sq\/?s={search_term_string}"},"query-input":{"@type":"PropertyValueSpecification","valueRequired":true,"valueName":"search_term_string"}}],"inLanguage":"sq-AL"},{"@type":"Organization","@id":"https:\/\/radstock.org\/sq\/#organization","name":"Radstock Network","url":"https:\/\/radstock.org\/sq\/","logo":{"@type":"ImageObject","inLanguage":"sq-AL","@id":"https:\/\/radstock.org\/sq\/#\/schema\/logo\/image\/","url":"https:\/\/radstock.org\/wp-content\/uploads\/2024\/12\/cropped-Radstock-Logo-Icon-01.png","contentUrl":"https:\/\/radstock.org\/wp-content\/uploads\/2024\/12\/cropped-Radstock-Logo-Icon-01.png","width":512,"height":512,"caption":"Radstock Network"},"image":{"@id":"https:\/\/radstock.org\/sq\/#\/schema\/logo\/image\/"},"sameAs":["https:\/\/www.facebook.com\/radstocknetwork\/","https:\/\/x.com\/RadstockNetwork"]}]}},"_links":{"self":[{"href":"https:\/\/radstock.org\/sq\/wp-json\/wp\/v2\/pages\/510","targetHints":{"allow":["GET"]}}],"collection":[{"href":"https:\/\/radstock.org\/sq\/wp-json\/wp\/v2\/pages"}],"about":[{"href":"https:\/\/radstock.org\/sq\/wp-json\/wp\/v2\/types\/page"}],"author":[{"embeddable":true,"href":"https:\/\/radstock.org\/sq\/wp-json\/wp\/v2\/users\/2"}],"replies":[{"embeddable":true,"href":"https:\/\/radstock.org\/sq\/wp-json\/wp\/v2\/comments?post=510"}],"version-history":[{"count":3,"href":"https:\/\/radstock.org\/sq\/wp-json\/wp\/v2\/pages\/510\/revisions"}],"predecessor-version":[{"id":536,"href":"https:\/\/radstock.org\/sq\/wp-json\/wp\/v2\/pages\/510\/revisions\/536"}],"wp:attachment":[{"href":"https:\/\/radstock.org\/sq\/wp-json\/wp\/v2\/media?parent=510"}],"curies":[{"name":"wp","href":"https:\/\/api.w.org\/{rel}","templated":true}]}}